{"id":212,"date":"2021-10-04T16:11:58","date_gmt":"2021-10-04T19:11:58","guid":{"rendered":"https:\/\/dgfengates.com.br\/site\/?page_id=212"},"modified":"2024-02-08T10:23:28","modified_gmt":"2024-02-08T13:23:28","slug":"produto","status":"publish","type":"page","link":"https:\/\/dgfengates.com.br\/site\/produto\/","title":{"rendered":"PRODUTO"},"content":{"rendered":"\t\t<div data-elementor-type=\"wp-page\" data-elementor-id=\"212\" class=\"elementor elementor-212\" data-elementor-post-type=\"page\">\n\t\t\t\t\t\t<section class=\"elementor-section elementor-top-section elementor-element elementor-element-3cd7f8e elementor-section-stretched elementor-section-full_width elementor-section-height-default elementor-section-height-default\" data-id=\"3cd7f8e\" data-element_type=\"section\" data-e-type=\"section\" data-settings=\"{&quot;stretch_section&quot;:&quot;section-stretched&quot;}\">\n\t\t\t\t\t\t<div class=\"elementor-container elementor-column-gap-no\">\n\t\t\t\t\t<div class=\"elementor-column elementor-col-100 elementor-top-column elementor-element elementor-element-44342a1\" data-id=\"44342a1\" data-element_type=\"column\" data-e-type=\"column\">\n\t\t\t<div class=\"elementor-widget-wrap elementor-element-populated\">\n\t\t\t\t\t\t<div class=\"elementor-element elementor-element-7c68b40 elementor-grid-4 elementor-grid-tablet-2 elementor-grid-mobile-1 elementor-posts--thumbnail-top elementor-card-shadow-yes elementor-posts__hover-gradient elementor-widget elementor-widget-posts\" data-id=\"7c68b40\" data-element_type=\"widget\" data-e-type=\"widget\" data-settings=\"{&quot;cards_columns&quot;:&quot;4&quot;,&quot;pagination_type&quot;:&quot;prev_next&quot;,&quot;cards_columns_tablet&quot;:&quot;2&quot;,&quot;cards_columns_mobile&quot;:&quot;1&quot;,&quot;cards_row_gap&quot;:{&quot;unit&quot;:&quot;px&quot;,&quot;size&quot;:35,&quot;sizes&quot;:[]},&quot;cards_row_gap_tablet&quot;:{&quot;unit&quot;:&quot;px&quot;,&quot;size&quot;:&quot;&quot;,&quot;sizes&quot;:[]},&quot;cards_row_gap_mobile&quot;:{&quot;unit&quot;:&quot;px&quot;,&quot;size&quot;:&quot;&quot;,&quot;sizes&quot;:[]}}\" data-widget_type=\"posts.cards\">\n\t\t\t\t<div class=\"elementor-widget-container\">\n\t\t\t\t\t\t\t<div class=\"elementor-posts-container elementor-posts elementor-posts--skin-cards elementor-grid\" role=\"list\">\n\t\t\t\t<article class=\"elementor-post elementor-grid-item post-246 post type-post status-publish format-standard has-post-thumbnail hentry category-tampa-do-engate\" role=\"listitem\">\n\t\t\t<div class=\"elementor-post__card\">\n\t\t\t\t<a class=\"elementor-post__thumbnail__link\" href=\"https:\/\/dgfengates.com.br\/site\/tampa-do-engate-4\/\" tabindex=\"-1\" ><div class=\"elementor-post__thumbnail\"><img fetchpriority=\"high\" decoding=\"async\" width=\"500\" height=\"500\" src=\"https:\/\/dgfengates.com.br\/site\/wp-content\/uploads\/2021\/10\/TAMPA-ENGATE.jpg\" class=\"attachment-full size-full wp-image-244\" alt=\"\" srcset=\"https:\/\/dgfengates.com.br\/site\/wp-content\/uploads\/2021\/10\/TAMPA-ENGATE.jpg 500w, https:\/\/dgfengates.com.br\/site\/wp-content\/uploads\/2021\/10\/TAMPA-ENGATE-300x300.jpg 300w, https:\/\/dgfengates.com.br\/site\/wp-content\/uploads\/2021\/10\/TAMPA-ENGATE-150x150.jpg 150w\" sizes=\"(max-width: 500px) 100vw, 500px\" \/><\/div><\/a>\n\t\t\t\t<div class=\"elementor-post__badge\">TAMPA DO ENGATE<\/div>\n\t\t\t\t<div class=\"elementor-post__text\">\n\t\t\t\t<h3 class=\"elementor-post__title\">\n\t\t\t<a href=\"https:\/\/dgfengates.com.br\/site\/tampa-do-engate-4\/\" >\n\t\t\t\tTampa do Engate 4&#8243;\t\t\t<\/a>\n\t\t<\/h3>\n\t\t\t\t<div class=\"elementor-post__excerpt\">\n\t\t\t<p>Tampa do engate 4 polegadas. Utilizado como tamp\u00e3o ap\u00f3s carregamento e descarregamento de silo. REFER\u00caNCIA: 021<\/p>\n\t\t<\/div>\n\t\t\n\t\t<a class=\"elementor-post__read-more\" href=\"https:\/\/dgfengates.com.br\/site\/tampa-do-engate-4\/\" aria-label=\"Read more about Tampa do Engate 4&#8243;\" tabindex=\"-1\" >\n\t\t\tVeja mais \u00bb\t\t<\/a>\n\n\t\t\t\t<\/div>\n\t\t\t\t\t<\/div>\n\t\t<\/article>\n\t\t\t\t<article class=\"elementor-post elementor-grid-item post-243 post type-post status-publish format-standard has-post-thumbnail hentry category-tampa-do-engate\" role=\"listitem\">\n\t\t\t<div class=\"elementor-post__card\">\n\t\t\t\t<a class=\"elementor-post__thumbnail__link\" href=\"https:\/\/dgfengates.com.br\/site\/tampa-do-engate-3\/\" tabindex=\"-1\" ><div class=\"elementor-post__thumbnail\"><img fetchpriority=\"high\" decoding=\"async\" width=\"500\" height=\"500\" src=\"https:\/\/dgfengates.com.br\/site\/wp-content\/uploads\/2021\/10\/TAMPA-ENGATE.jpg\" class=\"attachment-full size-full wp-image-244\" alt=\"\" srcset=\"https:\/\/dgfengates.com.br\/site\/wp-content\/uploads\/2021\/10\/TAMPA-ENGATE.jpg 500w, https:\/\/dgfengates.com.br\/site\/wp-content\/uploads\/2021\/10\/TAMPA-ENGATE-300x300.jpg 300w, https:\/\/dgfengates.com.br\/site\/wp-content\/uploads\/2021\/10\/TAMPA-ENGATE-150x150.jpg 150w\" sizes=\"(max-width: 500px) 100vw, 500px\" \/><\/div><\/a>\n\t\t\t\t<div class=\"elementor-post__badge\">TAMPA DO ENGATE<\/div>\n\t\t\t\t<div class=\"elementor-post__text\">\n\t\t\t\t<h3 class=\"elementor-post__title\">\n\t\t\t<a href=\"https:\/\/dgfengates.com.br\/site\/tampa-do-engate-3\/\" >\n\t\t\t\tTampa do Engate 3&#8243;\t\t\t<\/a>\n\t\t<\/h3>\n\t\t\t\t<div class=\"elementor-post__excerpt\">\n\t\t\t<p>REFER\u00caNCIA: 025<\/p>\n\t\t<\/div>\n\t\t\n\t\t<a class=\"elementor-post__read-more\" href=\"https:\/\/dgfengates.com.br\/site\/tampa-do-engate-3\/\" aria-label=\"Read more about Tampa do Engate 3&#8243;\" tabindex=\"-1\" >\n\t\t\tVeja mais \u00bb\t\t<\/a>\n\n\t\t\t\t<\/div>\n\t\t\t\t\t<\/div>\n\t\t<\/article>\n\t\t\t\t<article class=\"elementor-post elementor-grid-item post-241 post type-post status-publish format-standard has-post-thumbnail hentry category-suporte-dos-engates\" role=\"listitem\">\n\t\t\t<div class=\"elementor-post__card\">\n\t\t\t\t<a class=\"elementor-post__thumbnail__link\" href=\"https:\/\/dgfengates.com.br\/site\/suporte-do-engate-4\/\" tabindex=\"-1\" ><div class=\"elementor-post__thumbnail\"><img decoding=\"async\" width=\"500\" height=\"500\" src=\"https:\/\/dgfengates.com.br\/site\/wp-content\/uploads\/2021\/10\/SUPORTE-ENGATES.jpg\" class=\"attachment-full size-full wp-image-238\" alt=\"\" srcset=\"https:\/\/dgfengates.com.br\/site\/wp-content\/uploads\/2021\/10\/SUPORTE-ENGATES.jpg 500w, https:\/\/dgfengates.com.br\/site\/wp-content\/uploads\/2021\/10\/SUPORTE-ENGATES-300x300.jpg 300w, https:\/\/dgfengates.com.br\/site\/wp-content\/uploads\/2021\/10\/SUPORTE-ENGATES-150x150.jpg 150w\" sizes=\"(max-width: 500px) 100vw, 500px\" \/><\/div><\/a>\n\t\t\t\t<div class=\"elementor-post__badge\">SUPORTE DOS ENGATES<\/div>\n\t\t\t\t<div class=\"elementor-post__text\">\n\t\t\t\t<h3 class=\"elementor-post__title\">\n\t\t\t<a href=\"https:\/\/dgfengates.com.br\/site\/suporte-do-engate-4\/\" >\n\t\t\t\tSuporte do Engate 4&#8243;\t\t\t<\/a>\n\t\t<\/h3>\n\t\t\t\t<div class=\"elementor-post__excerpt\">\n\t\t\t<p>Suporte com conector do engate de 4 polegadas. REFER\u00caNCIA: 026<\/p>\n\t\t<\/div>\n\t\t\n\t\t<a class=\"elementor-post__read-more\" href=\"https:\/\/dgfengates.com.br\/site\/suporte-do-engate-4\/\" aria-label=\"Read more about Suporte do Engate 4&#8243;\" tabindex=\"-1\" >\n\t\t\tVeja mais \u00bb\t\t<\/a>\n\n\t\t\t\t<\/div>\n\t\t\t\t\t<\/div>\n\t\t<\/article>\n\t\t\t\t<article class=\"elementor-post elementor-grid-item post-237 post type-post status-publish format-standard has-post-thumbnail hentry category-suporte-dos-engates\" role=\"listitem\">\n\t\t\t<div class=\"elementor-post__card\">\n\t\t\t\t<a class=\"elementor-post__thumbnail__link\" href=\"https:\/\/dgfengates.com.br\/site\/suporte-do-engate-3\/\" tabindex=\"-1\" ><div class=\"elementor-post__thumbnail\"><img decoding=\"async\" width=\"500\" height=\"500\" src=\"https:\/\/dgfengates.com.br\/site\/wp-content\/uploads\/2021\/10\/SUPORTE-ENGATES.jpg\" class=\"attachment-full size-full wp-image-238\" alt=\"\" srcset=\"https:\/\/dgfengates.com.br\/site\/wp-content\/uploads\/2021\/10\/SUPORTE-ENGATES.jpg 500w, https:\/\/dgfengates.com.br\/site\/wp-content\/uploads\/2021\/10\/SUPORTE-ENGATES-300x300.jpg 300w, https:\/\/dgfengates.com.br\/site\/wp-content\/uploads\/2021\/10\/SUPORTE-ENGATES-150x150.jpg 150w\" sizes=\"(max-width: 500px) 100vw, 500px\" \/><\/div><\/a>\n\t\t\t\t<div class=\"elementor-post__badge\">SUPORTE DOS ENGATES<\/div>\n\t\t\t\t<div class=\"elementor-post__text\">\n\t\t\t\t<h3 class=\"elementor-post__title\">\n\t\t\t<a href=\"https:\/\/dgfengates.com.br\/site\/suporte-do-engate-3\/\" >\n\t\t\t\tSuporte do Engate 3&#8243;\t\t\t<\/a>\n\t\t<\/h3>\n\t\t\t\t<div class=\"elementor-post__excerpt\">\n\t\t\t<p>Suporte com conector do engate de 3 polegadas. REFER\u00caNCIA: 027<\/p>\n\t\t<\/div>\n\t\t\n\t\t<a class=\"elementor-post__read-more\" href=\"https:\/\/dgfengates.com.br\/site\/suporte-do-engate-3\/\" aria-label=\"Read more about Suporte do Engate 3&#8243;\" tabindex=\"-1\" >\n\t\t\tVeja mais \u00bb\t\t<\/a>\n\n\t\t\t\t<\/div>\n\t\t\t\t\t<\/div>\n\t\t<\/article>\n\t\t\t\t<article class=\"elementor-post elementor-grid-item post-235 post type-post status-publish format-standard has-post-thumbnail hentry category-anel\" role=\"listitem\">\n\t\t\t<div class=\"elementor-post__card\">\n\t\t\t\t<a class=\"elementor-post__thumbnail__link\" href=\"https:\/\/dgfengates.com.br\/site\/anel-ponteira-do-venturi-4\/\" tabindex=\"-1\" ><div class=\"elementor-post__thumbnail\"><img decoding=\"async\" width=\"500\" height=\"500\" src=\"https:\/\/dgfengates.com.br\/site\/wp-content\/uploads\/2021\/10\/anel-pondeiro-03.jpg\" class=\"attachment-full size-full wp-image-233\" alt=\"\" srcset=\"https:\/\/dgfengates.com.br\/site\/wp-content\/uploads\/2021\/10\/anel-pondeiro-03.jpg 500w, https:\/\/dgfengates.com.br\/site\/wp-content\/uploads\/2021\/10\/anel-pondeiro-03-300x300.jpg 300w, https:\/\/dgfengates.com.br\/site\/wp-content\/uploads\/2021\/10\/anel-pondeiro-03-150x150.jpg 150w\" sizes=\"(max-width: 500px) 100vw, 500px\" \/><\/div><\/a>\n\t\t\t\t<div class=\"elementor-post__badge\">ANEL<\/div>\n\t\t\t\t<div class=\"elementor-post__text\">\n\t\t\t\t<h3 class=\"elementor-post__title\">\n\t\t\t<a href=\"https:\/\/dgfengates.com.br\/site\/anel-ponteira-do-venturi-4\/\" >\n\t\t\t\tAnel Ponteira do Venturi 4&#8243;\t\t\t<\/a>\n\t\t<\/h3>\n\t\t\t\t<div class=\"elementor-post__excerpt\">\n\t\t\t<p>REFER\u00caNCIA: 022<\/p>\n\t\t<\/div>\n\t\t\n\t\t<a class=\"elementor-post__read-more\" href=\"https:\/\/dgfengates.com.br\/site\/anel-ponteira-do-venturi-4\/\" aria-label=\"Read more about Anel Ponteira do Venturi 4&#8243;\" tabindex=\"-1\" >\n\t\t\tVeja mais \u00bb\t\t<\/a>\n\n\t\t\t\t<\/div>\n\t\t\t\t\t<\/div>\n\t\t<\/article>\n\t\t\t\t<article class=\"elementor-post elementor-grid-item post-232 post type-post status-publish format-standard has-post-thumbnail hentry category-anel\" role=\"listitem\">\n\t\t\t<div class=\"elementor-post__card\">\n\t\t\t\t<a class=\"elementor-post__thumbnail__link\" href=\"https:\/\/dgfengates.com.br\/site\/anel-ponteiro-venturi\/\" tabindex=\"-1\" ><div class=\"elementor-post__thumbnail\"><img decoding=\"async\" width=\"500\" height=\"500\" src=\"https:\/\/dgfengates.com.br\/site\/wp-content\/uploads\/2021\/10\/anel-pondeiro-03.jpg\" class=\"attachment-full size-full wp-image-233\" alt=\"\" srcset=\"https:\/\/dgfengates.com.br\/site\/wp-content\/uploads\/2021\/10\/anel-pondeiro-03.jpg 500w, https:\/\/dgfengates.com.br\/site\/wp-content\/uploads\/2021\/10\/anel-pondeiro-03-300x300.jpg 300w, https:\/\/dgfengates.com.br\/site\/wp-content\/uploads\/2021\/10\/anel-pondeiro-03-150x150.jpg 150w\" sizes=\"(max-width: 500px) 100vw, 500px\" \/><\/div><\/a>\n\t\t\t\t<div class=\"elementor-post__badge\">ANEL<\/div>\n\t\t\t\t<div class=\"elementor-post__text\">\n\t\t\t\t<h3 class=\"elementor-post__title\">\n\t\t\t<a href=\"https:\/\/dgfengates.com.br\/site\/anel-ponteiro-venturi\/\" >\n\t\t\t\tAnel Ponteiro Venturi 3&#8243;\t\t\t<\/a>\n\t\t<\/h3>\n\t\t\t\t<div class=\"elementor-post__excerpt\">\n\t\t\t<p>ANEL, SOLDADO NA SAIDA DO AR, PARA CONECTOR DE 3&#8243;, CHAMADO DE PONTEIRA DO VENTURI. REFER\u00caNCIA: 023<\/p>\n\t\t<\/div>\n\t\t\n\t\t<a class=\"elementor-post__read-more\" href=\"https:\/\/dgfengates.com.br\/site\/anel-ponteiro-venturi\/\" aria-label=\"Read more about Anel Ponteiro Venturi 3&#8243;\" tabindex=\"-1\" >\n\t\t\tVeja mais \u00bb\t\t<\/a>\n\n\t\t\t\t<\/div>\n\t\t\t\t\t<\/div>\n\t\t<\/article>\n\t\t\t\t<article class=\"elementor-post elementor-grid-item post-205 post type-post status-publish format-standard has-post-thumbnail hentry category-borrachas\" role=\"listitem\">\n\t\t\t<div class=\"elementor-post__card\">\n\t\t\t\t<a class=\"elementor-post__thumbnail__link\" href=\"https:\/\/dgfengates.com.br\/site\/borracha-de-vedacao-4\/\" tabindex=\"-1\" ><div class=\"elementor-post__thumbnail\"><img loading=\"lazy\" decoding=\"async\" width=\"500\" height=\"500\" src=\"https:\/\/dgfengates.com.br\/site\/wp-content\/uploads\/2021\/10\/borrachas-de-vedacao-03.jpg\" class=\"attachment-full size-full wp-image-203\" alt=\"\" srcset=\"https:\/\/dgfengates.com.br\/site\/wp-content\/uploads\/2021\/10\/borrachas-de-vedacao-03.jpg 500w, https:\/\/dgfengates.com.br\/site\/wp-content\/uploads\/2021\/10\/borrachas-de-vedacao-03-300x300.jpg 300w, https:\/\/dgfengates.com.br\/site\/wp-content\/uploads\/2021\/10\/borrachas-de-vedacao-03-150x150.jpg 150w\" sizes=\"(max-width: 500px) 100vw, 500px\" \/><\/div><\/a>\n\t\t\t\t<div class=\"elementor-post__badge\">BORRACHAS<\/div>\n\t\t\t\t<div class=\"elementor-post__text\">\n\t\t\t\t<h3 class=\"elementor-post__title\">\n\t\t\t<a href=\"https:\/\/dgfengates.com.br\/site\/borracha-de-vedacao-4\/\" >\n\t\t\t\tBorracha de Veda\u00e7\u00e3o 4&#8243;\t\t\t<\/a>\n\t\t<\/h3>\n\t\t\t\t<div class=\"elementor-post__excerpt\">\n\t\t\t<p>Borracha de veda\u00e7\u00e3o para engate de 4&#8243;. REFER\u00caNCIA: 029<\/p>\n\t\t<\/div>\n\t\t\n\t\t<a class=\"elementor-post__read-more\" href=\"https:\/\/dgfengates.com.br\/site\/borracha-de-vedacao-4\/\" aria-label=\"Read more about Borracha de Veda\u00e7\u00e3o 4&#8243;\" tabindex=\"-1\" >\n\t\t\tVeja mais \u00bb\t\t<\/a>\n\n\t\t\t\t<\/div>\n\t\t\t\t\t<\/div>\n\t\t<\/article>\n\t\t\t\t<article class=\"elementor-post elementor-grid-item post-202 post type-post status-publish format-standard has-post-thumbnail hentry category-borrachas\" role=\"listitem\">\n\t\t\t<div class=\"elementor-post__card\">\n\t\t\t\t<a class=\"elementor-post__thumbnail__link\" href=\"https:\/\/dgfengates.com.br\/site\/borracha-de-vedacao-3\/\" tabindex=\"-1\" ><div class=\"elementor-post__thumbnail\"><img loading=\"lazy\" decoding=\"async\" width=\"500\" height=\"500\" src=\"https:\/\/dgfengates.com.br\/site\/wp-content\/uploads\/2021\/10\/borrachas-de-vedacao-03.jpg\" class=\"attachment-full size-full wp-image-203\" alt=\"\" srcset=\"https:\/\/dgfengates.com.br\/site\/wp-content\/uploads\/2021\/10\/borrachas-de-vedacao-03.jpg 500w, https:\/\/dgfengates.com.br\/site\/wp-content\/uploads\/2021\/10\/borrachas-de-vedacao-03-300x300.jpg 300w, https:\/\/dgfengates.com.br\/site\/wp-content\/uploads\/2021\/10\/borrachas-de-vedacao-03-150x150.jpg 150w\" sizes=\"(max-width: 500px) 100vw, 500px\" \/><\/div><\/a>\n\t\t\t\t<div class=\"elementor-post__badge\">BORRACHAS<\/div>\n\t\t\t\t<div class=\"elementor-post__text\">\n\t\t\t\t<h3 class=\"elementor-post__title\">\n\t\t\t<a href=\"https:\/\/dgfengates.com.br\/site\/borracha-de-vedacao-3\/\" >\n\t\t\t\tBorracha de Veda\u00e7\u00e3o 3&#8243;\t\t\t<\/a>\n\t\t<\/h3>\n\t\t\t\t<div class=\"elementor-post__excerpt\">\n\t\t\t<p>Borracha DE VEDA\u00c7\u00c3O, PARA ENGATE DE 3&#8243;, Sa\u00edda de ar. REFER\u00caNCIA: 028<\/p>\n\t\t<\/div>\n\t\t\n\t\t<a class=\"elementor-post__read-more\" href=\"https:\/\/dgfengates.com.br\/site\/borracha-de-vedacao-3\/\" aria-label=\"Read more about Borracha de Veda\u00e7\u00e3o 3&#8243;\" tabindex=\"-1\" >\n\t\t\tVeja mais \u00bb\t\t<\/a>\n\n\t\t\t\t<\/div>\n\t\t\t\t\t<\/div>\n\t\t<\/article>\n\t\t\t\t<article class=\"elementor-post elementor-grid-item post-200 post type-post status-publish format-standard has-post-thumbnail hentry category-engate\" role=\"listitem\">\n\t\t\t<div class=\"elementor-post__card\">\n\t\t\t\t<a class=\"elementor-post__thumbnail__link\" href=\"https:\/\/dgfengates.com.br\/site\/engate-de-4\/\" tabindex=\"-1\" ><div class=\"elementor-post__thumbnail\"><img loading=\"lazy\" decoding=\"async\" width=\"500\" height=\"500\" src=\"https:\/\/dgfengates.com.br\/site\/wp-content\/uploads\/2021\/10\/7a84593524b738f5edeabb749994bc12.jpg\" class=\"attachment-full size-full wp-image-198\" alt=\"\" srcset=\"https:\/\/dgfengates.com.br\/site\/wp-content\/uploads\/2021\/10\/7a84593524b738f5edeabb749994bc12.jpg 500w, https:\/\/dgfengates.com.br\/site\/wp-content\/uploads\/2021\/10\/7a84593524b738f5edeabb749994bc12-300x300.jpg 300w, https:\/\/dgfengates.com.br\/site\/wp-content\/uploads\/2021\/10\/7a84593524b738f5edeabb749994bc12-150x150.jpg 150w\" sizes=\"(max-width: 500px) 100vw, 500px\" \/><\/div><\/a>\n\t\t\t\t<div class=\"elementor-post__badge\">ENGATE<\/div>\n\t\t\t\t<div class=\"elementor-post__text\">\n\t\t\t\t<h3 class=\"elementor-post__title\">\n\t\t\t<a href=\"https:\/\/dgfengates.com.br\/site\/engate-de-4\/\" >\n\t\t\t\tEngate de 4&#8243;\t\t\t<\/a>\n\t\t<\/h3>\n\t\t\t\t<div class=\"elementor-post__excerpt\">\n\t\t\t<p>Produto acoplado junto ao mangote para carga e descarga de silos. O produtos j\u00e1 acompanha borracha de veda\u00e7\u00e3o. REFER\u00caNCIA: 020<\/p>\n\t\t<\/div>\n\t\t\n\t\t<a class=\"elementor-post__read-more\" href=\"https:\/\/dgfengates.com.br\/site\/engate-de-4\/\" aria-label=\"Read more about Engate de 4&#8243;\" tabindex=\"-1\" >\n\t\t\tVeja mais \u00bb\t\t<\/a>\n\n\t\t\t\t<\/div>\n\t\t\t\t\t<\/div>\n\t\t<\/article>\n\t\t\t\t<article class=\"elementor-post elementor-grid-item post-197 post type-post status-publish format-standard has-post-thumbnail hentry category-engate\" role=\"listitem\">\n\t\t\t<div class=\"elementor-post__card\">\n\t\t\t\t<a class=\"elementor-post__thumbnail__link\" href=\"https:\/\/dgfengates.com.br\/site\/engate-de-3\/\" tabindex=\"-1\" ><div class=\"elementor-post__thumbnail\"><img loading=\"lazy\" decoding=\"async\" width=\"500\" height=\"500\" src=\"https:\/\/dgfengates.com.br\/site\/wp-content\/uploads\/2021\/10\/7a84593524b738f5edeabb749994bc12.jpg\" class=\"attachment-full size-full wp-image-198\" alt=\"\" srcset=\"https:\/\/dgfengates.com.br\/site\/wp-content\/uploads\/2021\/10\/7a84593524b738f5edeabb749994bc12.jpg 500w, https:\/\/dgfengates.com.br\/site\/wp-content\/uploads\/2021\/10\/7a84593524b738f5edeabb749994bc12-300x300.jpg 300w, https:\/\/dgfengates.com.br\/site\/wp-content\/uploads\/2021\/10\/7a84593524b738f5edeabb749994bc12-150x150.jpg 150w\" sizes=\"(max-width: 500px) 100vw, 500px\" \/><\/div><\/a>\n\t\t\t\t<div class=\"elementor-post__badge\">ENGATE<\/div>\n\t\t\t\t<div class=\"elementor-post__text\">\n\t\t\t\t<h3 class=\"elementor-post__title\">\n\t\t\t<a href=\"https:\/\/dgfengates.com.br\/site\/engate-de-3\/\" >\n\t\t\t\tEngate de 3&#8243;\t\t\t<\/a>\n\t\t<\/h3>\n\t\t\t\t<div class=\"elementor-post__excerpt\">\n\t\t\t<p>Engate de 3 polegadas. Utilizado no mangote do compressor. REFER\u00caNCIA: 024<\/p>\n\t\t<\/div>\n\t\t\n\t\t<a class=\"elementor-post__read-more\" href=\"https:\/\/dgfengates.com.br\/site\/engate-de-3\/\" aria-label=\"Read more about Engate de 3&#8243;\" tabindex=\"-1\" >\n\t\t\tVeja mais \u00bb\t\t<\/a>\n\n\t\t\t\t<\/div>\n\t\t\t\t\t<\/div>\n\t\t<\/article>\n\t\t\t\t<\/div>\n\t\t\n\t\t\t\t\t\t<\/div>\n\t\t\t\t<\/div>\n\t\t\t\t<div class=\"elementor-element elementor-element-24ad09a elementor-align-center elementor-widget elementor-widget-button\" data-id=\"24ad09a\" data-element_type=\"widget\" data-e-type=\"widget\" data-widget_type=\"button.default\">\n\t\t\t\t<div class=\"elementor-widget-container\">\n\t\t\t\t\t\t\t\t\t<div class=\"elementor-button-wrapper\">\n\t\t\t\t\t<a class=\"elementor-button elementor-button-link elementor-size-xl\" href=\"#\">\n\t\t\t\t\t\t<span class=\"elementor-button-content-wrapper\">\n\t\t\t\t\t\t\t\t\t<span class=\"elementor-button-text\">PRODUTO PATENTEADO - COD INPI A DISPOR DA EMPRESA<\/span>\n\t\t\t\t\t<\/span>\n\t\t\t\t\t<\/a>\n\t\t\t\t<\/div>\n\t\t\t\t\t\t\t\t<\/div>\n\t\t\t\t<\/div>\n\t\t\t\t\t<\/div>\n\t\t<\/div>\n\t\t\t\t\t<\/div>\n\t\t<\/section>\n\t\t\t\t<\/div>\n\t\t","protected":false},"excerpt":{"rendered":"<p>PRODUTO PATENTEADO &#8211; COD INPI A DISPOR DA EMPRESA<\/p>\n","protected":false},"author":1,"featured_media":0,"parent":0,"menu_order":0,"comment_status":"closed","ping_status":"closed","template":"elementor_header_footer","meta":{"_joinchat":[],"footnotes":""},"class_list":["post-212","page","type-page","status-publish","hentry"],"_links":{"self":[{"href":"https:\/\/dgfengates.com.br\/site\/wp-json\/wp\/v2\/pages\/212","targetHints":{"allow":["GET"]}}],"collection":[{"href":"https:\/\/dgfengates.com.br\/site\/wp-json\/wp\/v2\/pages"}],"about":[{"href":"https:\/\/dgfengates.com.br\/site\/wp-json\/wp\/v2\/types\/page"}],"author":[{"embeddable":true,"href":"https:\/\/dgfengates.com.br\/site\/wp-json\/wp\/v2\/users\/1"}],"replies":[{"embeddable":true,"href":"https:\/\/dgfengates.com.br\/site\/wp-json\/wp\/v2\/comments?post=212"}],"version-history":[{"count":3,"href":"https:\/\/dgfengates.com.br\/site\/wp-json\/wp\/v2\/pages\/212\/revisions"}],"predecessor-version":[{"id":464,"href":"https:\/\/dgfengates.com.br\/site\/wp-json\/wp\/v2\/pages\/212\/revisions\/464"}],"wp:attachment":[{"href":"https:\/\/dgfengates.com.br\/site\/wp-json\/wp\/v2\/media?parent=212"}],"curies":[{"name":"wp","href":"https:\/\/api.w.org\/{rel}","templated":true}]}}